{"id":808,"date":"2026-04-23T12:32:50","date_gmt":"2026-04-23T10:32:50","guid":{"rendered":"https:\/\/www.sveba.it\/cookie-policy\/"},"modified":"2026-04-30T15:01:27","modified_gmt":"2026-04-30T13:01:27","slug":"cookie-policy","status":"publish","type":"page","link":"https:\/\/www.sveba.it\/en\/cookie-policy\/","title":{"rendered":"Cookie Policy"},"content":{"rendered":"\n<div class=\"wp-block-group has-responsive-settings-mobile has-responsive-settings-margin-top has-responsive-settings-margin-bottom has-global-padding is-layout-constrained wp-block-group-is-layout-constrained\" style=\"margin-top:250px;margin-bottom:250px;--responsive-settings-mobile-margin-top:125px;--responsive-settings-mobile-margin-bottom:125px\">\n<h3 class=\"wp-block-heading\">Cookie Policy<\/h3>\n\n\n\n<div class=\"wp-block-group is-layout-flow wp-block-group-is-layout-flow\" style=\"margin-top:90px\">\n<p>What cookies are<br>Cookies are small text files that the websites visited by the user send to their device \u2013 computer, laptop, tablet, smartphone, etc. \u2013 where they are stored and then retransmitted to the same websites on the user\u2019s subsequent visit. While browsing this site, you may receive only cookies sent directly from our site and managed by our company.<\/p>\n\n\n\n<p>In this regard, and for the purposes of this notice, two macro-categories are identified: \u201ctechnical\u201d cookies and \u201cprofiling\u201d cookies.<\/p>\n\n\n\n<p>a. Cookie tecnici.\u2028cookie tecnici sono quelli utilizzati al solo fine di \u201ceffettuare la trasmissione di una comunicazione su una rete di comunicazione elettronica, o nella misura strettamente necessaria al fornitore di un servizio della societ\u00e0 dell\u2019informazione esplicitamente richiesto dall\u2019abbonato o dall\u2019utente a erogare tale servizio\u201d (cfr. art. 122, comma 1, del Codice). Essi non vengono utilizzati per scopi ulteriori e sono normalmente installati direttamente dal titolare o gestore del sito web. Possono essere suddivisi in cookie di navigazione o di sessione, che garantiscono la normale navigazione e fruizione del sito web (permettendo, ad esempio, di realizzare un acquisto o autenticarsi per accedere ad aree riservate); cookie analytics, assimilati ai cookie tecnici laddove utilizzati direttamente dal gestore del sito per raccogliere informazioni, in forma aggregata, sul numero degli utenti e su come questi visitano il sito stesso; cookie di funzionalit\u00e0, che permettono all\u2019utente la navigazione in funzione di una serie di criteri selezionati (ad esempio, la lingua, i prodotti selezionati per l\u2019acquisto) al fine di migliorare il servizio reso allo stesso. Per l\u2019installazione di tali cookie non \u00e8 richiesto il preventivo consenso degli utenti, mentre resta fermo l\u2019obbligo di dare l\u2019informativa ai sensi dell\u2019art. 13 del Codice, che il gestore del sito, qualora utilizzi soltanto tali dispositivi, potr\u00e0 fornire con le modalit\u00e0 che ritiene pi\u00f9 idonee.<\/p>\n\n\n\n<p>b. Profiling cookies.<br>Profiling cookies are aimed at creating profiles related to the user and are used to send advertising messages in line with the preferences expressed by the user while browsing the web. Due to the particularly invasive nature that such devices may have in the private sphere of users, European and Italian regulations require that the user be adequately informed about their use and thus express valid consent. Article 122 of the Code states that \u201cthe storage of information on the terminal device of a contractor or user or access to information already stored is permitted only on condition that the contractor or user has given consent after being informed in the simplified manner referred to in Article 13, paragraph 3\u201d (Art. 122, paragraph 1, of the Code).<\/p>\n\n\n\n<p>Furthermore, regarding cookies, users are informed that this site uses exclusively technical cookies, so-called \u201canalytics\u201d cookies to statistically analyze visits to the site and technical browsing or session cookies. They have exclusively statistical purposes and collect information in aggregated form and in particular the analytics cookies used on this site are those of Google, based on the JavaScript ga.js. Browsing or session cookies instead allow the user easier navigation.<\/p>\n\n\n\n<p>For these types of cookies, as specified in document no. 2152939 of the Data Protection Authority, prior informed consent (opt-in) is not required provided that users are offered simple ways to opt out.<\/p>\n\n\n\n<p>All these cookies are automatically enabled. You can disable Google Analytics cookies through the following options: Disable Enable<br>You can also manage your cookie preferences through your browser.<\/p>\n\n\n\n<p>If you do not know the type and version of browser you are using, you can click on \u201cHelp\u201d in the browser window at the top, from which you can access all the necessary information. If you do know your browser, click on the one you are using to access the cookie management page.<br>Chrome<br>Firefox<br>IE<br>Opera<br>Safari<\/p>\n<\/div>\n<\/div>\n","protected":false},"excerpt":{"rendered":"<p>Cookie Policy What cookies areCookies are small text files that the websites visited by the user send to their device \u2013 computer, laptop, tablet, smartphone, etc. \u2013 where they are stored and then retransmitted to the same websites on the user\u2019s subsequent visit. While browsing this site, you may receive only cookies sent directly from [&hellip;]<\/p>\n","protected":false},"author":1,"featured_media":0,"parent":0,"menu_order":0,"comment_status":"closed","ping_status":"closed","template":"","meta":{"footnotes":""},"class_list":["post-808","page","type-page","status-publish","hentry"],"yoast_head":"<!-- This site is optimized with the Yoast SEO plugin v27.4 - https:\/\/yoast.com\/product\/yoast-seo-wordpress\/ -->\n<title>Cookie Policy - Sveba<\/title>\n<meta name=\"robots\" content=\"index, follow, max-snippet:-1, max-image-preview:large, max-video-preview:-1\" \/>\n<link rel=\"canonical\" href=\"https:\/\/www.sveba.it\/en\/cookie-policy\/\" \/>\n<meta property=\"og:locale\" content=\"en_US\" \/>\n<meta property=\"og:type\" content=\"article\" \/>\n<meta property=\"og:title\" content=\"Cookie Policy - Sveba\" \/>\n<meta property=\"og:description\" content=\"Cookie Policy What cookies areCookies are small text files that the websites visited by the user send to their device \u2013 computer, laptop, tablet, smartphone, etc. \u2013 where they are stored and then retransmitted to the same websites on the user\u2019s subsequent visit. While browsing this site, you may receive only cookies sent directly from [&hellip;]\" \/>\n<meta property=\"og:url\" content=\"https:\/\/www.sveba.it\/en\/cookie-policy\/\" \/>\n<meta property=\"og:site_name\" content=\"Sveba\" \/>\n<meta property=\"article:modified_time\" content=\"2026-04-30T13:01:27+00:00\" \/>\n<meta name=\"twitter:card\" content=\"summary_large_image\" \/>\n<meta name=\"twitter:label1\" content=\"Est. reading time\" \/>\n\t<meta name=\"twitter:data1\" content=\"4 minutes\" \/>\n<script type=\"application\/ld+json\" class=\"yoast-schema-graph\">{\"@context\":\"https:\\\/\\\/schema.org\",\"@graph\":[{\"@type\":\"WebPage\",\"@id\":\"https:\\\/\\\/www.sveba.it\\\/en\\\/cookie-policy\\\/\",\"url\":\"https:\\\/\\\/www.sveba.it\\\/en\\\/cookie-policy\\\/\",\"name\":\"Cookie Policy - Sveba\",\"isPartOf\":{\"@id\":\"https:\\\/\\\/www.sveba.it\\\/en\\\/#website\"},\"datePublished\":\"2026-04-23T10:32:50+00:00\",\"dateModified\":\"2026-04-30T13:01:27+00:00\",\"breadcrumb\":{\"@id\":\"https:\\\/\\\/www.sveba.it\\\/en\\\/cookie-policy\\\/#breadcrumb\"},\"inLanguage\":\"en-US\",\"potentialAction\":[{\"@type\":\"ReadAction\",\"target\":[\"https:\\\/\\\/www.sveba.it\\\/en\\\/cookie-policy\\\/\"]}]},{\"@type\":\"BreadcrumbList\",\"@id\":\"https:\\\/\\\/www.sveba.it\\\/en\\\/cookie-policy\\\/#breadcrumb\",\"itemListElement\":[{\"@type\":\"ListItem\",\"position\":1,\"name\":\"Home\",\"item\":\"https:\\\/\\\/www.sveba.it\\\/en\\\/\"},{\"@type\":\"ListItem\",\"position\":2,\"name\":\"Cookie Policy\"}]},{\"@type\":\"WebSite\",\"@id\":\"https:\\\/\\\/www.sveba.it\\\/en\\\/#website\",\"url\":\"https:\\\/\\\/www.sveba.it\\\/en\\\/\",\"name\":\"Sveba\",\"description\":\"\",\"potentialAction\":[{\"@type\":\"SearchAction\",\"target\":{\"@type\":\"EntryPoint\",\"urlTemplate\":\"https:\\\/\\\/www.sveba.it\\\/en\\\/?s={search_term_string}\"},\"query-input\":{\"@type\":\"PropertyValueSpecification\",\"valueRequired\":true,\"valueName\":\"search_term_string\"}}],\"inLanguage\":\"en-US\"}]}<\/script>\n<!-- \/ Yoast SEO plugin. -->","yoast_head_json":{"title":"Cookie Policy - Sveba","robots":{"index":"index","follow":"follow","max-snippet":"max-snippet:-1","max-image-preview":"max-image-preview:large","max-video-preview":"max-video-preview:-1"},"canonical":"https:\/\/www.sveba.it\/en\/cookie-policy\/","og_locale":"en_US","og_type":"article","og_title":"Cookie Policy - Sveba","og_description":"Cookie Policy What cookies areCookies are small text files that the websites visited by the user send to their device \u2013 computer, laptop, tablet, smartphone, etc. \u2013 where they are stored and then retransmitted to the same websites on the user\u2019s subsequent visit. While browsing this site, you may receive only cookies sent directly from [&hellip;]","og_url":"https:\/\/www.sveba.it\/en\/cookie-policy\/","og_site_name":"Sveba","article_modified_time":"2026-04-30T13:01:27+00:00","twitter_card":"summary_large_image","twitter_misc":{"Est. reading time":"4 minutes"},"schema":{"@context":"https:\/\/schema.org","@graph":[{"@type":"WebPage","@id":"https:\/\/www.sveba.it\/en\/cookie-policy\/","url":"https:\/\/www.sveba.it\/en\/cookie-policy\/","name":"Cookie Policy - Sveba","isPartOf":{"@id":"https:\/\/www.sveba.it\/en\/#website"},"datePublished":"2026-04-23T10:32:50+00:00","dateModified":"2026-04-30T13:01:27+00:00","breadcrumb":{"@id":"https:\/\/www.sveba.it\/en\/cookie-policy\/#breadcrumb"},"inLanguage":"en-US","potentialAction":[{"@type":"ReadAction","target":["https:\/\/www.sveba.it\/en\/cookie-policy\/"]}]},{"@type":"BreadcrumbList","@id":"https:\/\/www.sveba.it\/en\/cookie-policy\/#breadcrumb","itemListElement":[{"@type":"ListItem","position":1,"name":"Home","item":"https:\/\/www.sveba.it\/en\/"},{"@type":"ListItem","position":2,"name":"Cookie Policy"}]},{"@type":"WebSite","@id":"https:\/\/www.sveba.it\/en\/#website","url":"https:\/\/www.sveba.it\/en\/","name":"Sveba","description":"","potentialAction":[{"@type":"SearchAction","target":{"@type":"EntryPoint","urlTemplate":"https:\/\/www.sveba.it\/en\/?s={search_term_string}"},"query-input":{"@type":"PropertyValueSpecification","valueRequired":true,"valueName":"search_term_string"}}],"inLanguage":"en-US"}]}},"_links":{"self":[{"href":"https:\/\/www.sveba.it\/en\/wp-json\/wp\/v2\/pages\/808","targetHints":{"allow":["GET"]}}],"collection":[{"href":"https:\/\/www.sveba.it\/en\/wp-json\/wp\/v2\/pages"}],"about":[{"href":"https:\/\/www.sveba.it\/en\/wp-json\/wp\/v2\/types\/page"}],"author":[{"embeddable":true,"href":"https:\/\/www.sveba.it\/en\/wp-json\/wp\/v2\/users\/1"}],"replies":[{"embeddable":true,"href":"https:\/\/www.sveba.it\/en\/wp-json\/wp\/v2\/comments?post=808"}],"version-history":[{"count":3,"href":"https:\/\/www.sveba.it\/en\/wp-json\/wp\/v2\/pages\/808\/revisions"}],"predecessor-version":[{"id":981,"href":"https:\/\/www.sveba.it\/en\/wp-json\/wp\/v2\/pages\/808\/revisions\/981"}],"wp:attachment":[{"href":"https:\/\/www.sveba.it\/en\/wp-json\/wp\/v2\/media?parent=808"}],"curies":[{"name":"wp","href":"https:\/\/api.w.org\/{rel}","templated":true}]}}